{"id":994,"date":"2024-01-10T19:07:38","date_gmt":"2024-01-10T19:07:38","guid":{"rendered":"https:\/\/fplanguages.com.ar\/tienda\/?post_type=product&#038;p=994"},"modified":"2024-02-05T13:35:25","modified_gmt":"2024-02-05T13:35:25","slug":"portugues-basico-para-estrangeiros","status":"publish","type":"product","link":"https:\/\/fplanguages.com.ar\/tienda\/producto\/portugues-basico-para-estrangeiros\/","title":{"rendered":"PORTUGU\u00c9S B\u00c1SICO PARA ESTRANGEIROS"},"content":{"rendered":"<p>PORTUGU\u00c9S B\u00c1SICO PARA ESTRANGEIROS<\/p>\n","protected":false},"excerpt":{"rendered":"<p>PORTUGU\u00c9S B\u00c1SICO PARA ESTRANGEIROS<\/p>\n","protected":false},"featured_media":999,"comment_status":"open","ping_status":"closed","template":"","meta":[],"product_cat":[39],"product_tag":[],"_links":{"self":[{"href":"https:\/\/fplanguages.com.ar\/tienda\/wp-json\/wp\/v2\/product\/994"}],"collection":[{"href":"https:\/\/fplanguages.com.ar\/tienda\/wp-json\/wp\/v2\/product"}],"about":[{"href":"https:\/\/fplanguages.com.ar\/tienda\/wp-json\/wp\/v2\/types\/product"}],"replies":[{"embeddable":true,"href":"https:\/\/fplanguages.com.ar\/tienda\/wp-json\/wp\/v2\/comments?post=994"}],"wp:featuredmedia":[{"embeddable":true,"href":"https:\/\/fplanguages.com.ar\/tienda\/wp-json\/wp\/v2\/media\/999"}],"wp:attachment":[{"href":"https:\/\/fplanguages.com.ar\/tienda\/wp-json\/wp\/v2\/media?parent=994"}],"wp:term":[{"taxonomy":"product_cat","embeddable":true,"href":"https:\/\/fplanguages.com.ar\/tienda\/wp-json\/wp\/v2\/product_cat?post=994"},{"taxonomy":"product_tag","embeddable":true,"href":"https:\/\/fplanguages.com.ar\/tienda\/wp-json\/wp\/v2\/product_tag?post=994"}],"curies":[{"name":"wp","href":"https:\/\/api.w.org\/{rel}","templated":true}]}}